{"id":653,"date":"2021-02-02T16:42:45","date_gmt":"2021-02-02T16:42:45","guid":{"rendered":"https:\/\/therabel.be\/?page_id=653"},"modified":"2023-07-25T09:04:12","modified_gmt":"2023-07-25T09:04:12","slug":"corvaton","status":"publish","type":"page","link":"https:\/\/therabel.be\/nl\/corvaton\/","title":{"rendered":"Coruno Corvaton"},"content":{"rendered":"<div class=\"wpb-content-wrapper\"><p>[vc_row][vc_column][vc_column_text]<\/p>\n<p class=\"p1\">Vanaf 1 augustus 2017 worden de specialiteiten\u00a0<b>Coruno\u00ae 16 mg en Corvaton\u00ae 2mg<\/b>\u00a0niet langer vergoed in Hoofdstuk I (categorie B), maar\u00a0<b>in hoofdstuk IV (categorie Bf) voor de pati\u00ebnten bij wie deze specialiteiten reeds vergoed waren voorafgaand aan deze datum.<\/b><br \/>\nDat betekent dat deze specialiteiten verder vergoed worden voor pati\u00ebnten die hiermee reeds voor 1\/08\/2017 behandeld werden, voor hernieuwbare periodes van 12 maand, op voorwaarde dat de geneesheer (voorschrijvende arts of specialist) de eenvoudige verklaring invult die bevestigt dat de pati\u00ebnt aan de criteria beantwoordt. Deze terugbetalingsaanvraag kan liever gedaan worden vanuit het voorschrijfprogramma, en wordt onmiddellijk goedgekeurd. Toch vindt u de pdf versie van het papieren document hieronder.<\/p>\n<p class=\"p1\"><span style=\"color: #ff0000;\">De Commissie voor tegemoetkoming van geneesmiddelen heeft een procedure opgestart om de verplichting te schrappen waarmee huisartsen een verklaring moeten hebben van een arts-specialist, met een bevestiging dat de pati\u00ebnt al v\u00f3\u00f3r 1 augustus 2017 behandeld is met het geneesmiddel en dat de pati\u00ebnt al terugbetaling genoot in het kader van die behandeling. Deze verplichting zal vermoedelijk op 1 oktober 2017 officieel geschrapt worden.\u00a0<b>In afwachting hoeft de pati\u00ebnt hiervoor niet op raadpleging te gaan bij een arts-specialist.<\/b><\/span><\/p>\n<p class=\"p2\" style=\"text-align: center;\">Hoofdstuk IV document Coruno-Corvaton<\/p>\n<p>[\/vc_column_text][vc_single_image image=&#8221;188&#8243; img_size=&#8221;full&#8221; alignment=&#8221;center&#8221; onclick=&#8221;custom_link&#8221; img_link_target=&#8221;_blank&#8221; link=&#8221;https:\/\/therabel.be\/wp-content\/uploads\/sites\/5\/2022\/10\/Bf-NL-1.pdf&#8221;][vc_column_text]<\/p>\n<p class=\"p1\">Pati\u00ebnten bij wie een behandeling met Coruno\u00ae\/Corvaton\u00ae voor de eerste keer moet opgestart worden na 31\/07\/2017 kunnen tot onze spijt niet van een terugbetaling genieten.<\/p>\n<p class=\"p1\">Aarzel niet om ons te contacteren via\u00a0<a href=\"mailto:info.be@therabel.com\"><span class=\"s1\">info.be@therabel.com<\/span><\/a><\/p>\n<p>[\/vc_column_text][\/vc_column][\/vc_row]<\/p>\n<\/div>","protected":false},"excerpt":{"rendered":"<p>[vc_row][vc_column][vc_column_text] Vanaf 1 augustus 2017 worden de specialiteiten\u00a0Coruno\u00ae 16 mg en Corvaton\u00ae 2mg\u00a0niet langer vergoed in Hoofdstuk I (categorie B), maar\u00a0in hoofdstuk IV (categorie Bf) voor de pati\u00ebnten bij wie deze specialiteiten reeds vergoed waren voorafgaand aan deze datum. Dat betekent dat deze specialiteiten verder vergoed worden voor pati\u00ebnten die hiermee reeds voor 1\/08\/2017 behandeld&hellip;<\/p>\n","protected":false},"author":1,"featured_media":0,"parent":0,"menu_order":0,"comment_status":"closed","ping_status":"closed","template":"","meta":{"footnotes":""},"class_list":["post-653","page","type-page","status-publish","hentry","description-off"],"_links":{"self":[{"href":"https:\/\/therabel.be\/nl\/wp-json\/wp\/v2\/pages\/653","targetHints":{"allow":["GET"]}}],"collection":[{"href":"https:\/\/therabel.be\/nl\/wp-json\/wp\/v2\/pages"}],"about":[{"href":"https:\/\/therabel.be\/nl\/wp-json\/wp\/v2\/types\/page"}],"author":[{"embeddable":true,"href":"https:\/\/therabel.be\/nl\/wp-json\/wp\/v2\/users\/1"}],"replies":[{"embeddable":true,"href":"https:\/\/therabel.be\/nl\/wp-json\/wp\/v2\/comments?post=653"}],"version-history":[{"count":7,"href":"https:\/\/therabel.be\/nl\/wp-json\/wp\/v2\/pages\/653\/revisions"}],"predecessor-version":[{"id":972,"href":"https:\/\/therabel.be\/nl\/wp-json\/wp\/v2\/pages\/653\/revisions\/972"}],"wp:attachment":[{"href":"https:\/\/therabel.be\/nl\/wp-json\/wp\/v2\/media?parent=653"}],"curies":[{"name":"wp","href":"https:\/\/api.w.org\/{rel}","templated":true}]}}